{"id":872,"date":"2015-03-19T08:45:34","date_gmt":"2015-03-19T08:45:34","guid":{"rendered":"http:\/\/taxibudva.com\/me\/?page_id=872"},"modified":"2023-06-23T12:14:54","modified_gmt":"2023-06-23T10:14:54","slug":"451-2","status":"publish","type":"page","link":"http:\/\/taxibudva.com\/?page_id=872","title":{"rendered":"Rent A Car"},"content":{"rendered":"<section class=\"wpb-content-wrapper\"><p>[vc_row full_width=&#8221;false&#8221; css=&#8221;.vc_custom_1426756431735{margin-top: 37px !important;}&#8221; row_responsive_large=&#8221;&#8221; row_responsive_medium=&#8221;&#8221; row_responsive_small=&#8221;&#8221; row_responsive_extra_small=&#8221;&#8221; enable_parallax=&#8221;&#8221; parallax_speed=&#8221;0.8&#8243; bg_video_transparent=&#8221;0&#8243; loop=&#8221;&#8221; autoplay=&#8221;&#8221; muted=&#8221;&#8221; controls=&#8221;&#8221; show_btn=&#8221;&#8221;][vc_column][cs_custom_heading text=&#8221;Radimo 24\/7&#8243; font_container=&#8221;tag:h2|font_size:38.5px|text_align:left|color:%23f7b926&#8243; font_format=&#8221;400&#8243; style=&#8221;style-none&#8221; css=&#8221;.vc_custom_1508638642305{margin-bottom: 14px !important;}&#8221;][vc_column_text text_color=&#8221;#a2a2a2&#8243; css=&#8221;.vc_custom_1508638603544{margin-top: 10px !important;margin-bottom: 0px !important;}&#8221;]<\/p>\n<p id=\"imPgTitle\">ECO rent a car Budva, Montenegro. Narud\u017ebe se primaju danono\u0107no putem poziva na telefon <strong>19567<\/strong> ili <strong>+38269019567\u00a0<img decoding=\"async\" loading=\"lazy\" class=\"alignnone size-full wp-image-836\" src=\"http:\/\/taxibudva.com\/wp-content\/uploads\/2017\/10\/viber.png\" alt=\"\" width=\"56\" height=\"28\" \/><\/strong><\/p>\n<p><input id=\"wrdplg_fr_pnl_info_holder_id\" type=\"hidden\" value=\"processed\" \/>[\/vc_column_text][vc_column_text]<\/p>\n<p><script type=\"text\/javascript\" src=\"http:\/\/rentacar.taxibudva.com\/index.php?controller=pjFront&#038;action=pjActionLoadJs\"><\/script><\/p>\n<p><script type=\"text\/javascript\" src=\"http:\/\/rentacar.taxibudva.com\/index.php?controller=pjFront&#038;action=pjActionLoad&#038;pjLang=2\"><\/script>[\/vc_column_text][\/vc_column][\/vc_row][vc_row full_width=&#8221;false&#8221; css=&#8221;.vc_custom_1426817871431{margin-top: 15px !important;border-top-width: 1px !important;border-bottom-width: 1px !important;padding-top: 20px !important;padding-bottom: 30px !important;border-top-color: #dddddd !important;border-top-style: solid !important;border-bottom-color: #dddddd !important;border-bottom-style: solid !important;}&#8221; row_responsive_large=&#8221;&#8221; row_responsive_medium=&#8221;&#8221; row_responsive_small=&#8221;&#8221; row_responsive_extra_small=&#8221;&#8221; enable_parallax=&#8221;&#8221; parallax_speed=&#8221;0.8&#8243; bg_video_transparent=&#8221;0&#8243; loop=&#8221;&#8221; autoplay=&#8221;&#8221; muted=&#8221;&#8221; controls=&#8221;&#8221; show_btn=&#8221;&#8221;][vc_column width=&#8221;1\/4&#8243;][vc_column_text]<\/p>\n<h2>Va\u017ei popustni sistem<\/h2>\n<p>[\/vc_column_text]<div><style type=\"text\/css\" scoped>\r\n        \t\t#cs-dropcap-1776419984_169e20490c2bc2 {\r\n        \t\t\tcolor: ;\r\n        \t\t}\r\n        \t    #cs-dropcap-1776419984_169e20490c2bc2 .cs-dropcap-firstText::first-letter {\r\n        \t\t    color:  !important;\r\n        \t\t    background: ;\r\n        \t\t    border-color: ;\r\n        \t\t    border-radius: ;\r\n        \t\t}\r\n        \t\t#cs-dropcap-1776419984_169e20490c2bc2 .cs-icon i {\r\n\t\t\t\t\tborder-radius: ;\r\n        \t\t}\r\n        \t   <\/style><div id=\"cs-dropcap-1776419984_169e20490c2bc2\" class=\"dropcap-layout1\"><span class=\"circle\" style=\"color:#ffffff;background:#dd9933\">1<\/span><p style=\"font-weight:400;font-family:!important\" class=\"text-content\">Kada se iznajmljiva automobil za vise od 15<wbr \/>\u00a0dana.<\/p><\/div><\/div><div><style type=\"text\/css\" scoped>\r\n        \t\t#cs-dropcap-1776419984_169e20490c2e3c {\r\n        \t\t\tcolor: ;\r\n        \t\t}\r\n        \t    #cs-dropcap-1776419984_169e20490c2e3c .cs-dropcap-firstText::first-letter {\r\n        \t\t    color:  !important;\r\n        \t\t    background: ;\r\n        \t\t    border-color: ;\r\n        \t\t    border-radius: ;\r\n        \t\t}\r\n        \t\t#cs-dropcap-1776419984_169e20490c2e3c .cs-icon i {\r\n\t\t\t\t\tborder-radius: ;\r\n        \t\t}\r\n        \t   <\/style><div id=\"cs-dropcap-1776419984_169e20490c2e3c\" class=\"dropcap-layout1\"><span class=\"circle\" style=\"color:#ffffff;background:#dd9933\">2<\/span><p style=\"font-weight:400;font-family:!important\" class=\"text-content\">Rent a car za duzi rok-posebna stopa<\/p><\/div><\/div><div><style type=\"text\/css\" scoped>\r\n        \t\t#cs-dropcap-1776419984_169e20490c3038 {\r\n        \t\t\tcolor: ;\r\n        \t\t}\r\n        \t    #cs-dropcap-1776419984_169e20490c3038 .cs-dropcap-firstText::first-letter {\r\n        \t\t    color:  !important;\r\n        \t\t    background: ;\r\n        \t\t    border-color: ;\r\n        \t\t    border-radius: ;\r\n        \t\t}\r\n        \t\t#cs-dropcap-1776419984_169e20490c3038 .cs-icon i {\r\n\t\t\t\t\tborder-radius: ;\r\n        \t\t}\r\n        \t   <\/style><div id=\"cs-dropcap-1776419984_169e20490c3038\" class=\"dropcap-layout1\"><span class=\"circle\" style=\"color:#ffffff;background:#dd9933\">3<\/span><p style=\"font-weight:400;font-family:!important\" class=\"text-content\">Imamo i sezonske popuste od<br \/>\n20-<wbr \/>30%.<\/p>\n<p><\/p><\/div><\/div><div><style type=\"text\/css\" scoped>\r\n        \t\t#cs-dropcap-1776419984_169e20490c327a {\r\n        \t\t\tcolor: ;\r\n        \t\t}\r\n        \t    #cs-dropcap-1776419984_169e20490c327a .cs-dropcap-firstText::first-letter {\r\n        \t\t    color:  !important;\r\n        \t\t    background: ;\r\n        \t\t    border-color: ;\r\n        \t\t    border-radius: ;\r\n        \t\t}\r\n        \t\t#cs-dropcap-1776419984_169e20490c327a .cs-icon i {\r\n\t\t\t\t\tborder-radius: ;\r\n        \t\t}\r\n        \t   <\/style><div id=\"cs-dropcap-1776419984_169e20490c327a\" class=\"dropcap-layout1\"><span class=\"circle\" style=\"color:#ffffff;background:#dd9933\">4<\/span><p style=\"font-weight:400;font-family:!important\" class=\"text-content\">Specijalne ponude rent a car za one koje zive u Crnoj Gori!<\/p><\/div><\/div><div><style type=\"text\/css\" scoped>\r\n        \t\t#cs-dropcap-1776419984_169e20490c3495 {\r\n        \t\t\tcolor: ;\r\n        \t\t}\r\n        \t    #cs-dropcap-1776419984_169e20490c3495 .cs-dropcap-firstText::first-letter {\r\n        \t\t    color:  !important;\r\n        \t\t    background: ;\r\n        \t\t    border-color: ;\r\n        \t\t    border-radius: ;\r\n        \t\t}\r\n        \t\t#cs-dropcap-1776419984_169e20490c3495 .cs-icon i {\r\n\t\t\t\t\tborder-radius: ;\r\n        \t\t}\r\n        \t   <\/style><div id=\"cs-dropcap-1776419984_169e20490c3495\" class=\"dropcap-layout1\"><span class=\"circle\" style=\"color:#ffffff;background:#dd9933\">5<\/span><p style=\"font-weight:400;font-family:!important\" class=\"text-content\">Saradjujemo sa svim turistickim organizacijama, pravnim licima, hotelioma.<\/p><\/div><\/div>[\/vc_column][vc_column width=&#8221;1\/2&#8243;][vc_single_image image=&#8221;853&#8243; img_size=&#8221;full&#8221; alignment=&#8221;center&#8221; css_animation=&#8221;fadeInDown&#8221; title=&#8221;Cenovnik&#8221;][\/vc_column][vc_column width=&#8221;1\/4&#8243;][vc_images_carousel images=&#8221;799,798,797,796,795,794,793&#8243; img_size=&#8221;full&#8221; onclick=&#8221;custom_link&#8221; autoplay=&#8221;yes&#8221; hide_pagination_control=&#8221;yes&#8221; wrap=&#8221;yes&#8221; css_animation=&#8221;fadeInRight&#8221; custom_links=&#8221;#E-8_aHR0cCUzQSUyRiUyRnRheGlidWR2YS5jb20lMkYlM0ZwYWdlX2lkJTNENzky&#8221; title=&#8221;Vozni park&#8221;][vc_btn title=&#8221;Izaberi auto&#8221; style=&#8221;outline&#8221; shape=&#8221;round&#8221; color=&#8221;orange&#8221; size=&#8221;lg&#8221; align=&#8221;center&#8221; css_animation=&#8221;fadeIn&#8221; link=&#8221;url:http%3A%2F%2Ftaxibudva.com%2Fme%2F%3Fpage_id%3D808|||&#8221;][\/vc_column][\/vc_row][vc_row css_animation=&#8221;fadeInDown&#8221; css=&#8221;.vc_custom_1508690164871{padding-top: 20px !important;padding-bottom: 35px !important;}&#8221; row_responsive_large=&#8221;&#8221; row_responsive_medium=&#8221;&#8221; row_responsive_small=&#8221;&#8221; row_responsive_extra_small=&#8221;&#8221; enable_parallax=&#8221;&#8221; parallax_speed=&#8221;0.8&#8243; bg_video_transparent=&#8221;0&#8243; loop=&#8221;&#8221; autoplay=&#8221;&#8221; muted=&#8221;&#8221; controls=&#8221;&#8221; show_btn=&#8221;&#8221;][vc_column width=&#8221;1\/2&#8243;][cs_custom_heading text=&#8221;Uslovi iznajmljivanja Automobila&#8221; font_container=&#8221;tag:h3|text_align:left|color:%23000000&#8243; font_format=&#8221;400&#8243; style=&#8221;style-none&#8221; after_heading_background_image_style=&#8221;style2&#8243; css=&#8221;.vc_custom_1508639771122{margin-bottom: 54px !important;}&#8221;][vc_accordion item_margin_bottom=&#8221;&#8221; item_border=&#8221;&#8221; title_align=&#8221;left&#8221;][vc_accordion_tab title=&#8221;REZERVACIJE&#8221; title_color=&#8221;#000000&#8243; title_active_color=&#8221;#ffffff&#8221; background_tab_active=&#8221;#000000&#8243; title_size=&#8221;h4&#8243; background_tab=&#8221;#ffffff&#8221;][vc_column_text css=&#8221;.vc_custom_1508639872803{margin-top: 13px !important;margin-right: 0px !important;margin-bottom: 3px !important;margin-left: 11px !important;}&#8221;]Trenutno unapredjene rezervacije odvijaju se bez placanja unaprijed, na osnovu prijave.<\/p>\n<p>Prijave za rent a car se primaju od 09.00 do 21.00 po telefonu: <strong>+382 (69) 0 19567<\/strong>, Viber i po E-mail<\/p>\n<p>Cijena rent a car-a zavisi od vrste automobila i perioda iznajmljivanja.[\/vc_column_text][\/vc_accordion_tab][vc_accordion_tab title=&#8221;USLOVI IZNAJMLJIVACU&#8221; title_color=&#8221;#000000&#8243; background_tab=&#8221;#ffffff&#8221; title_active_color=&#8221;#ffffff&#8221; background_tab_active=&#8221;#000000&#8243; title_size=&#8221;h4&#8243;][vc_column_text css=&#8221;.vc_custom_1508639930544{margin-top: 13px !important;margin-right: 0px !important;margin-bottom: 3px !important;margin-left: 11px !important;}&#8221;]<\/p>\n<ul>\n<li>Da nije mladji od <strong>21 god<\/strong>.<\/li>\n<li>Iskustvo voznje da nije manje od <strong>2 god.<\/strong><\/li>\n<\/ul>\n<p>[\/vc_column_text][\/vc_accordion_tab][vc_accordion_tab title=&#8221;ROK ZAKUPA&#8221; title_color=&#8221;#000000&#8243; background_tab=&#8221;#ffffff&#8221; title_active_color=&#8221;#ffffff&#8221; background_tab_active=&#8221;#000000&#8243; title_size=&#8221;h4&#8243;][vc_column_text css=&#8221;.vc_custom_1508640005781{margin-top: 13px !important;margin-right: 0px !important;margin-bottom: 3px !important;margin-left: 11px !important;}&#8221;]<\/p>\n<ul>\n<li>Po\u010detak iznajmljivanja po\u010dinje od momenta potpisa dogovora o iznajmlivanju automobila.<\/li>\n<li>Automobil se iznajmljuje najmanje na <strong>24<wbr \/>sati<\/strong> (jedan dan) od momenta dobijanja automobila.<\/li>\n<\/ul>\n<p>[\/vc_column_text][\/vc_accordion_tab][vc_accordion_tab title=&#8221;NEOPHODNI DOKUMENTI&#8221; title_color=&#8221;#000000&#8243; background_tab=&#8221;#ffffff&#8221; title_active_color=&#8221;#ffffff&#8221; background_tab_active=&#8221;#000000&#8243; title_size=&#8221;h4&#8243;][vc_column_text css=&#8221;.vc_custom_1508688169163{margin-top: 13px !important;margin-right: 0px !important;margin-bottom: 3px !important;margin-left: 11px !important;}&#8221;]<\/p>\n<ul>\n<li><span class=\"cf1 fs20 ff1\">Paso\u0161 (za stranog dr\u017eavljanina nacionalni paso\u0161);<\/span><\/li>\n<li><span class=\"cf1 fs20 ff1\">Voza\u010dka dozvola;<\/span><\/li>\n<\/ul>\n<p>[\/vc_column_text][\/vc_accordion_tab][vc_accordion_tab title=&#8221;CIJENE RENTACAR&#8221; title_color=&#8221;#000000&#8243; background_tab=&#8221;#ffffff&#8221; title_active_color=&#8221;#ffffff&#8221; background_tab_active=&#8221;#000000&#8243; title_size=&#8221;h4&#8243;][vc_column_text css=&#8221;.vc_custom_1508688633766{margin-top: 13px !important;margin-right: 0px !important;margin-bottom: 3px !important;margin-left: 11px !important;}&#8221;]U cijenu ulazi rent a car, svi nalozi, PDV, osiguranje, grin-<wbr \/>karta i ukazano u evrima da dnevno koristi automobil.[\/vc_column_text][\/vc_accordion_tab][vc_accordion_tab title=&#8221;PRIJEM-POVRAT&#8221;][vc_column_text css=&#8221;.vc_custom_1508688381560{margin-top: 13px !important;margin-right: 0px !important;margin-bottom: 3px !important;margin-left: 11px !important;}&#8221;]<\/p>\n<ul>\n<li><span class=\"cf0\">Automobil se vra\u0107a sa punim rezervoarom za gorivo, da bude \u010dist, opremljen svim neophodnim stvarima (klima, Standartnim audiosistemom, rezervnom gumom, sezonskom gumom)<\/span><\/li>\n<li><span class=\"cf0\">Pri vra\u0107anju automobila s praznim rezervoarom za gorivo ili prljavim iznajmljiva\u010d plati usluge punjenja automobila gorivom i njegovim \u010di\u0161\u0107enjem po cijeni dodatnih usluga.<\/span><\/li>\n<li><span class=\"cf0\">Ako u trenutku vra\u0107anja automobila njegov spolja\u0161nji izgled ote\u017eava pregled, onda se pregled vr\u0161i nakon \u010di\u0161\u0107enja.<\/span><\/li>\n<li><span class=\"cf0\">Automobil ne mo\u017ee da napusti teritoriju Crne Gore bez dozvole EKO rent-<wbr \/>a-<wbr \/>car.<\/span><\/li>\n<\/ul>\n<p>[\/vc_column_text][\/vc_accordion_tab][vc_accordion_tab title=&#8221;PLA\u0106ANJE IZNAJMLJIVANJA&#8221;][vc_column_text css=&#8221;.vc_custom_1508688476099{margin-top: 13px !important;margin-right: 0px !important;margin-bottom: 3px !important;margin-left: 11px !important;}&#8221;]<\/p>\n<ul>\n<li><span class=\"cf0\">Pla\u0107enje se izvodi za cijelo vrijeme iznajmljivanja automobila. Nakon zavr\u0161etka dogovora, on mo\u017ee biti produ\u017een po \u017eelji iznajmljiva\u010da.<\/span><\/li>\n<li><span class=\"cf0\">Pla\u0107enje iznajmljivanja automobila vr\u0161i gotovinskim ili ne-gotovinskim pla\u0107enjem na bankovski ra\u010dun, putem kreditne kartice.<\/span><\/li>\n<\/ul>\n<p>[\/vc_column_text][\/vc_accordion_tab][\/vc_accordion][\/vc_column][vc_column width=&#8221;1\/2&#8243;][vc_single_image image=&#8221;868&#8243; img_size=&#8221;full&#8221; style=&#8221;vc_box_shadow_border&#8221; css_animation=&#8221;fadeInRight&#8221;][\/vc_column][\/vc_row][vc_row][vc_column][vc_column_text]<\/p>\n<p>Uslovi rentiranja vozila<\/p>\n<p>&nbsp;<\/p>\n<p>\u2022 Minimalna du\u017eina najma je 1 dan (24h)<br \/>\n\u2022 Dozvoljeno prekora\u010denje je 2 h, nakon toga se obra\u010dunava novi dan.<br \/>\n\u2022 Starost voza\u010da najmanje 21 godina<br \/>\n\u2022 Voza\u010dka dozvola stara najmanje 3 godine<br \/>\n\u2022 Pla\u0107anje unaprijed, nakon potpisivanja Ugovora o rentiranju vozila&#8211;gotovinski ili kreditnom karticom(VISA,MASTER,)<br \/>\n\u2022 Depozit je obavezan(gotovina ili kreditna kartica)<br \/>\n\u2022 U cijenu je ura\u010dunat PDV.<br \/>\n\u2022 Neograni\u010dena kilometra\u017ea za teritoriju Crne Gore.<br \/>\n\u2022 Gorivo nije ura\u010dunato u cijenu i korisnik je du\u017ean da vrati zate\u010deno stanje goriva.<br \/>\n\u2022 Prelazak dr\u017eavne granice nije dozvoljen osim ako ECO CAR izda napismenu dozvolu.<br \/>\n\u2022 Parking i saobra\u0107ajne kazne su odgovornost klijenta.<br \/>\n\u2022 Za gubljenje klju\u010deva ili dokumenata napla\u0107ujemo \u20ac500,00.<br \/>\n\u2022 Poseban popust za dugoro\u010dne najmove.<br \/>\n\u2022 Iznajmljenim vozilom moze upravljati samo lice koje je upisano kao voza\u010d\u00a0 ili dodatni vozac u ugovoru o najmu vozila.<br \/>\n\u2022 Dodatni voza\u010d se ne\u00a0 napla\u0107uje<br \/>\nOSIGURANJE<br \/>\nOsiguranje NE VA\u017dI ako do\u0111e do:<br \/>\n\u2022 o\u0161te\u0107enja guma, donjeg dijela vozila, \u0161ofer\u0161ajbne te unutra\u0161njosti vozila.<br \/>\n\u2022 o\u0161te\u0107enja vozila pri\u010dinjenog pod dejstvom alkohola,droge i drugih opojnih supstanci.<br \/>\n\u2022 o\u0161te\u0107enja vozila kojim je upravljao voza\u010d bez va\u017ee\u0107e ili oduzete voza\u010dke dozvole te neovla\u0161\u0107eni voza\u010d.<br \/>\n\u0160tete nastale pod navedenim okolnostima pla\u0107a klijent u cijelosti.<br \/>\nPOLICIJSKI ZAPISNIK JE OBAVEZAN ZA SVE VRSTE OSIGURANJA<br \/>\n\u2022 Bez policijskog zapisnika, pun iznos \u0161tete ili kradje bi\u0107e napla\u0107en od klijenta.<br \/>\n\u2022 Zapisnik je potrebno sa\u010diniti \u010dak i u slu\u010dajevima kada klijent nije bio prisutan prilikom o\u0161te\u0107enja vozila(npr.vozilo je o\u0161te\u0107eno na parkingu od NN osobe)<br \/>\nPOSTUPCI U SLU\u010cAJU UDESA, \u0160TETE I KRA\u0110E VOZILA<br \/>\nKlijent je obavezan da postupi na sljede\u0107i na\u010din:<br \/>\n\u2022 ODMAH da obavjesti policiju i ECO CAR o doga\u0111aju i da postupi po njihovim instrukcijama<br \/>\n\u2022 da zapi\u0161e podatke o drugim u\u010desnicima u udesu tj.dogadjaju<br \/>\n\u2022 da ispuni izvje\u0161taj o \u0161teti prilikom vra\u0107anja vozila<br \/>\n\u2022 da napi\u0161e kratku izjavu u kojoj \u0107e opisati uzroke i okolnosti u kojima se desila \u0161teta.<br \/>\nSva me\u0111usobna prava i obaveze regulisana su Ugovorom o najmu koji se potpisuje prilikom preuzimanja vozila.[\/vc_column_text][\/vc_column][\/vc_row]<\/p>\n<\/section>","protected":false},"excerpt":{"rendered":"<p>[vc_row full_width=&#8221;false&#8221; css=&#8221;.vc_custom_1426756431735{margin-top: 37px !important;}&#8221; row_responsive_large=&#8221;&#8221; row_responsive_medium=&#8221;&#8221; row_responsive_small=&#8221;&#8221; row_responsive_extra_small=&#8221;&#8221; enable_parallax=&#8221;&#8221; parallax_speed=&#8221;0.8&#8243; bg_video_transparent=&#8221;0&#8243; loop=&#8221;&#8221; autoplay=&#8221;&#8221; muted=&#8221;&#8221; controls=&#8221;&#8221; show_btn=&#8221;&#8221;][vc_column][cs_custom_heading text=&#8221;Radimo 24\/7&#8243; font_container=&#8221;tag:h2|font_size:38.5px|text_align:left|color:%23f7b926&#8243; font_format=&#8221;400&#8243; style=&#8221;style-none&#8221; css=&#8221;.vc_custom_1508638642305{margin-bottom: 14px !important;}&#8221;][vc_column_text text_color=&#8221;#a2a2a2&#8243; css=&#8221;.vc_custom_1508638603544{margin-top: 10px !important;margin-bottom: 0px !important;}&#8221;] ECO rent a car Budva, Montenegro. Narud\u017ebe se primaju danono\u0107no putem poziva na telefon 19567 ili +38269019567\u00a0 [\/vc_column_text][vc_column_text] [\/vc_column_text][\/vc_column][\/vc_row][vc_row full_width=&#8221;false&#8221; css=&#8221;.vc_custom_1426817871431{margin-top: 15px !important;border-top-width: 1px !important;border-bottom-width: 1px !important;padding-top: 20px !important;padding-bottom: 30px !important;border-top-color: #dddddd !important;border-top-style: solid !important;border-bottom-color: #dddddd !important;border-bottom-style: solid !important;}&#8221; row_responsive_large=&#8221;&#8221; row_responsive_medium=&#8221;&#8221; row_responsive_small=&#8221;&#8221; row_responsive_extra_small=&#8221;&#8221; enable_parallax=&#8221;&#8221; parallax_speed=&#8221;0.8&#8243; bg_video_transparent=&#8221;0&#8243; loop=&#8221;&#8221; autoplay=&#8221;&#8221; muted=&#8221;&#8221; controls=&#8221;&#8221; show_btn=&#8221;&#8221;][vc_column width=&#8221;1\/4&#8243;][vc_column_text] Va\u017ei popustni sistem [\/vc_column_text][\/vc_column][vc_column width=&#8221;1\/2&#8243;][vc_single_image image=&#8221;853&#8243; img_size=&#8221;full&#8221; alignment=&#8221;center&#8221; css_animation=&#8221;fadeInDown&#8221; title=&#8221;Cenovnik&#8221;][\/vc_column][vc_column width=&#8221;1\/4&#8243;][vc_images_carousel images=&#8221;799,798,797,796,795,794,793&#8243; img_size=&#8221;full&#8221; onclick=&#8221;custom_link&#8221; autoplay=&#8221;yes&#8221; hide_pagination_control=&#8221;yes&#8221; wrap=&#8221;yes&#8221; css_animation=&#8221;fadeInRight&#8221; custom_links=&#8221;#E-8_aHR0cCUzQSUyRiUyRnRheGlidWR2YS5jb20lMkYlM0ZwYWdlX2lkJTNENzky&#8221; title=&#8221;Vozni park&#8221;][vc_btn title=&#8221;Izaberi auto&#8221; style=&#8221;outline&#8221; shape=&#8221;round&#8221; color=&#8221;orange&#8221; size=&#8221;lg&#8221; align=&#8221;center&#8221; css_animation=&#8221;fadeIn&#8221; link=&#8221;url:http%3A%2F%2Ftaxibudva.com%2Fme%2F%3Fpage_id%3D808|||&#8221;][\/vc_column][\/vc_row][vc_row css_animation=&#8221;fadeInDown&#8221; css=&#8221;.vc_custom_1508690164871{padding-top: 20px !important;padding-bottom: 35px !important;}&#8221; row_responsive_large=&#8221;&#8221; [&hellip;]<\/p>\n","protected":false},"author":1,"featured_media":0,"parent":0,"menu_order":0,"comment_status":"open","ping_status":"open","template":"","meta":[],"_links":{"self":[{"href":"http:\/\/taxibudva.com\/index.php?rest_route=\/wp\/v2\/pages\/872"}],"collection":[{"href":"http:\/\/taxibudva.com\/index.php?rest_route=\/wp\/v2\/pages"}],"about":[{"href":"http:\/\/taxibudva.com\/index.php?rest_route=\/wp\/v2\/types\/page"}],"author":[{"embeddable":true,"href":"http:\/\/taxibudva.com\/index.php?rest_route=\/wp\/v2\/users\/1"}],"replies":[{"embeddable":true,"href":"http:\/\/taxibudva.com\/index.php?rest_route=%2Fwp%2Fv2%2Fcomments&post=872"}],"version-history":[{"count":9,"href":"http:\/\/taxibudva.com\/index.php?rest_route=\/wp\/v2\/pages\/872\/revisions"}],"predecessor-version":[{"id":1731,"href":"http:\/\/taxibudva.com\/index.php?rest_route=\/wp\/v2\/pages\/872\/revisions\/1731"}],"wp:attachment":[{"href":"http:\/\/taxibudva.com\/index.php?rest_route=%2Fwp%2Fv2%2Fmedia&parent=872"}],"curies":[{"name":"wp","href":"https:\/\/api.w.org\/{rel}","templated":true}]}}